{"id":55,"date":"2017-02-11T23:47:28","date_gmt":"2017-02-11T23:47:28","guid":{"rendered":"http:\/\/demo.codiux.com\/wp-pulse1\/?page_id=55"},"modified":"2021-01-17T01:13:05","modified_gmt":"2021-01-17T01:13:05","slug":"teaching","status":"publish","type":"page","link":"https:\/\/benjamindurakovic.com\/?page_id=55","title":{"rendered":"TEACHING"},"content":{"rendered":"<div id=\"pl-55\"  class=\"panel-layout\" ><div id=\"pg-55-0\"  class=\"panel-grid panel-no-style\" ><div id=\"pgc-55-0-0\"  class=\"panel-grid-cell\" ><div id=\"panel-55-0-0-0\" class=\"so-panel widget widget_pulse_title panel-first-child\" data-index=\"0\">\r\n        <span class=\"content-title\">CURRENT<\/span>\r\n        <\/div><div id=\"panel-55-0-0-1\" class=\"so-panel widget widget_pulse_resume_sections\" data-index=\"1\">                        <div class=\"resume-wrapper\">\r\n                            <ul class=\"resume\">\r\n                                                                <li>\r\n                                    <div class=\"resume-tag\">\r\n                                        <span class=\"fa fa-suitcase\"><\/span>\r\n                                        <div class=\"resume-date\">\r\n                                            <span>NOW<\/span>\r\n                                            <div class=\"separator\"><\/div>\r\n                                            <span>2016<\/span>\r\n                                        <\/div>\r\n                                    <\/div>\r\n                                    <div class=\"timeline-item\">\r\n                                                                                <span class=\"timeline-location\"><i class=\"fa fa-map-marker\"><\/i>SARAJEVO, BOSNIA<\/span>\r\n                                                                                <h3 class=\"timeline-header\">ASSISTANT PROFESSOR<\/h3>\r\n                                        <div class=\"timeline-body\">\r\n                                            <h4>INTERNATIONAL UNIVERSITY OF SARAJEVO<\/h4>\r\n                                            <span>Dr. Benjamin Durakovic is an Assistant Professor in the Department of Industrial and Mechanical Engineering at International University of Sarajevo.<\/span>\r\n                                        <\/div>\r\n                                    <\/div>\r\n                                <\/li>\r\n                                            \r\n                                                                      <li>\r\n                                    <div class=\"resume-tag\">\r\n                                        <span class=\"fa fa-suitcase\"><\/span>\r\n                                        <div class=\"resume-date\">\r\n                                            <span>2012<\/span>\r\n                                            <div class=\"separator\"><\/div>\r\n                                            <span>2016<\/span>\r\n                                        <\/div>\r\n                                    <\/div>\r\n                                    <div class=\"timeline-item\">\r\n                                                                                <span class=\"timeline-location\"><i class=\"fa fa-map-marker\"><\/i>SARAJEVO, BOSNIA<\/span>\r\n                                                                                <h3 class=\"timeline-header\">SENIOR TEACHING ASSISTANT<\/h3>\r\n                                        <div class=\"timeline-body\">\r\n                                            <h4>INTERNATIONAL UNIVERSITY OF SARAJEVO<\/h4>\r\n                                            <span>He started his academic career as Senior Teaching Assistant by teaching subjects within Industrial Engineering.<\/span>\r\n                                        <\/div>\r\n                                    <\/div>\r\n                                <\/li>\r\n                                            \r\n                                                                      \r\n                            <\/ul>\r\n                        <\/div>\r\n\r\n\r\n<\/div><div id=\"panel-55-0-0-2\" class=\"so-panel widget widget_pulse_title\" data-index=\"2\">\r\n        <span class=\"content-title\">COURSES TAUGHT<\/span>\r\n        <\/div><div id=\"panel-55-0-0-3\" class=\"so-panel widget widget_pulse_resume_sections\" data-index=\"3\">                        <div class=\"resume-wrapper\">\r\n                            <ul class=\"resume\">\r\n                                                                <li>\r\n                                    <div class=\"resume-tag\">\r\n                                        <span class=\"fa fa-graduation-cap\"><\/span>\r\n                                        <div class=\"resume-date\">\r\n                                            <span>2012<\/span>\r\n                                            <div class=\"separator\"><\/div>\r\n                                            <span>2020<\/span>\r\n                                        <\/div>\r\n                                    <\/div>\r\n                                    <div class=\"timeline-item\">\r\n                                                                                <span class=\"timeline-location\"><i class=\"fa fa-map-marker\"><\/i>SARAJEVO, BOSNIA<\/span>\r\n                                                                                <h3 class=\"timeline-header\">Undergraduate\/Graduate Course Instructor<\/h3>\r\n                                        <div class=\"timeline-body\">\r\n                                            <h4>INTERNATIONAL UNIVERSITY OF SARAJEVO<\/h4>\r\n                                            <span><p>1)\tIE408 Project Management<\/p>\n<p>2)\tARCH408 Building Physics <\/p>\n<p>3)\tARCH309 Building Physics <\/p>\n<p>4)\tME312 Machine Elements<\/p>\n<p>5)\tIE307 Quality and Reliability Engineering<\/p>\n<p>6)\tIE413 Manufacturing Systems <\/p>\n<p>7)\tIE425 Computer Aided Design and Manufacturing<\/p>\n<p>8)\tIE306 Simulation<\/p>\n<p>9)\tIE410 Design of Experiments<\/p>\n<p>10)\tIE303 Operation Research I , undergraduate lecture and tutorials<\/p>\n<p>11)\tIE304 Operation Research II , undergraduate lecture and tutorials<\/p>\n<p>12)IE301 Production planning I \u2013 tutorials<\/p>\n<p>13)\tIE420 Technology and R&D Management, undergraduate lecture<\/p>\n<p>14)\tIE407 Management Information Systems, undergraduate lecture<\/p>\n<p>15)\tIE502 Advanced Quality and Reliability Engineering, - Graduate <\/p><\/span>\r\n                                        <\/div>\r\n                                    <\/div>\r\n                                <\/li>\r\n                                            \r\n                                                                      <li>\r\n                                    <div class=\"resume-tag\">\r\n                                        <span class=\"fa fa-graduation-cap\"><\/span>\r\n                                        <div class=\"resume-date\">\r\n                                            <span><\/span>\r\n                                            <div class=\"separator\"><\/div>\r\n                                            <span><\/span>\r\n                                        <\/div>\r\n                                    <\/div>\r\n                                    <div class=\"timeline-item\">\r\n                                                                                <span class=\"timeline-location\"><i class=\"fa fa-map-marker\"><\/i>SARAJEVO, BOSNIA<\/span>\r\n                                                                                <h3 class=\"timeline-header\">WORKSHOPS &amp; SEMINARS<\/h3>\r\n                                        <div class=\"timeline-body\">\r\n                                            <h4><\/h4>\r\n                                            <span><p>1) Seminar Lecturer (fall 2015): Project planning Scheduling and Controlling, training session, International University of Sarajevo<\/p>\n<p>2) Seminar Lecturer (fall 2015): Differentiation and Product Innovation, Foreign Trade Chamber of Bosnia and Herzegovina<\/p>\n<p>3) Seminar Lecturer (spring 2016): Inovacija proizvoda \u2013 klju\u010d za pove\u0107anje izvoza na tr\u017ei\u0161te EU, Foreign Trade Chamber of Bosnia and Herzegovina<\/p><\/span>\r\n                                        <\/div>\r\n                                    <\/div>\r\n                                <\/li>\r\n                                            \r\n                                                                      <li>\r\n                                    <div class=\"resume-tag\">\r\n                                        <span class=\"fa fa-graduation-cap\"><\/span>\r\n                                        <div class=\"resume-date\">\r\n                                            <span><\/span>\r\n                                            <div class=\"separator\"><\/div>\r\n                                            <span><\/span>\r\n                                        <\/div>\r\n                                    <\/div>\r\n                                    <div class=\"timeline-item\">\r\n                                                                                <h3 class=\"timeline-header\">PHD \/ MASTER DISSERTATIONS<\/h3>\r\n                                        <div class=\"timeline-body\">\r\n                                            <h4>Successfully Mentored\/Completed Master&#039;s Theses<\/h4>\r\n                                            <span><p>1. Gokhan Yildiz (defended on June 15, 2017): \"Comparative Performance Evaluation of Conventional and Novel Thermal Insulation Materials Used in Building Envelops\", International University of Sarajevo<\/p>\n<\/span>\r\n                                        <\/div>\r\n                                    <\/div>\r\n                                <\/li>\r\n                                            \r\n                                                                      \r\n                            <\/ul>\r\n                        <\/div>\r\n\r\n\r\n<\/div><div id=\"panel-55-0-0-4\" class=\"so-panel widget widget_pulse_title\" data-index=\"4\">\r\n        <span class=\"content-title\">CURRICULUM DEVELOPMENT<\/span>\r\n        <\/div><div id=\"panel-55-0-0-5\" class=\"so-panel widget widget_pulse_resume_sections panel-last-child\" data-index=\"5\">                        <div class=\"resume-wrapper\">\r\n                            <ul class=\"resume\">\r\n                                                                <li>\r\n                                    <div class=\"resume-tag\">\r\n                                        <span class=\"fa fa-graduation-cap\"><\/span>\r\n                                        <div class=\"resume-date\">\r\n                                            <span>2012<\/span>\r\n                                            <div class=\"separator\"><\/div>\r\n                                            <span>2020<\/span>\r\n                                        <\/div>\r\n                                    <\/div>\r\n                                    <div class=\"timeline-item\">\r\n                                                                                <span class=\"timeline-location\"><i class=\"fa fa-map-marker\"><\/i>SARAJEVO, BOSNIA<\/span>\r\n                                                                                <h3 class=\"timeline-header\">Undergraduate\/Graduate Course Instructor<\/h3>\r\n                                        <div class=\"timeline-body\">\r\n                                            <h4>INTERNATIONAL UNIVERSITY OF SARAJEVO<\/h4>\r\n                                            <span><p>1) IE408 Project Management <\/p>\n<p>2) IE420 Technology and R&D Management <\/p>\n<p>3) IE407 Management Information Systems<\/p>\n<p>4) IE307 Quality & Reliability Engineering <\/p>\n<p>5) IE425 Computer Aided Design and Manufacturing<\/p>\n<p>6) IE410 Design of Experiments<\/p>\n<p>7) IE413 Manufacturing Systems<\/p>\n<p>8) IE306 Simulation <\/p>\n<p>9) ARCH309 Building Physics<\/p>\n<\/span>\r\n                                        <\/div>\r\n                                    <\/div>\r\n                                <\/li>\r\n                                            \r\n                                                                      <li>\r\n                                    <div class=\"resume-tag\">\r\n                                        <span class=\"fa fa-graduation-cap\"><\/span>\r\n                                        <div class=\"resume-date\">\r\n                                            <span><\/span>\r\n                                            <div class=\"separator\"><\/div>\r\n                                            <span><\/span>\r\n                                        <\/div>\r\n                                    <\/div>\r\n                                    <div class=\"timeline-item\">\r\n                                                                                <span class=\"timeline-location\"><i class=\"fa fa-map-marker\"><\/i>SARAJEVO, BOSNIA<\/span>\r\n                                                                                <h3 class=\"timeline-header\">LABORATORY DEVELOPMENT<\/h3>\r\n                                        <div class=\"timeline-body\">\r\n                                            <h4><\/h4>\r\n                                            <span><p>1.\tMechanical Testing Lab for materials - Industrial and Mechanical Engineering students at International University of Sarajevo, (2020)<\/p>\n<p>2.\tEstablished Rapid Prototyping Lab for Industrial and Mechanical Engineering students at International University of Sarajevo.<\/p>\n<p>3.\tDeveloped hands-on laboratory assignments and experiments for Rapid prototyping Lab. (Fall 2013 - now).<\/p>\n<\/span>\r\n                                        <\/div>\r\n                                    <\/div>\r\n                                <\/li>\r\n                                            \r\n                                                                      <li>\r\n                                    <div class=\"resume-tag\">\r\n                                        <span class=\"fa fa-graduation-cap\"><\/span>\r\n                                        <div class=\"resume-date\">\r\n                                            <span><\/span>\r\n                                            <div class=\"separator\"><\/div>\r\n                                            <span><\/span>\r\n                                        <\/div>\r\n                                    <\/div>\r\n                                    <div class=\"timeline-item\">\r\n                                                                                <h3 class=\"timeline-header\"><\/h3>\r\n                                        <div class=\"timeline-body\">\r\n                                            <h4><\/h4>\r\n                                            <span><\/span>\r\n                                        <\/div>\r\n                                    <\/div>\r\n                                <\/li>\r\n                                            \r\n                                                                      \r\n                            <\/ul>\r\n                        <\/div>\r\n\r\n\r\n<\/div><\/div><\/div><\/div>","protected":false},"excerpt":{"rendered":"<p>CURRENT NOW 2016 SARAJEVO, BOSNIA ASSISTANT PROFESSOR INTERNATIONAL UNIVERSITY OF SARAJEVO Dr. Benjamin Durakovic is an Assistant Professor in the Department of Industrial and Mechanical Engineering at International University of Sarajevo. 2012 2016 SARAJEVO, BOSNIA SENIOR TEACHING ASSISTANT INTERNATIONAL UNIVERSITY OF SARAJEVO He started his academic career as Senior Teaching Assistant by teaching subjects within [&hellip;]<\/p>\n","protected":false},"author":1,"featured_media":0,"parent":0,"menu_order":5,"comment_status":"closed","ping_status":"closed","template":"","meta":{"footnotes":""},"class_list":["post-55","page","type-page","status-publish","hentry"],"_links":{"self":[{"href":"https:\/\/benjamindurakovic.com\/index.php?rest_route=\/wp\/v2\/pages\/55","targetHints":{"allow":["GET"]}}],"collection":[{"href":"https:\/\/benjamindurakovic.com\/index.php?rest_route=\/wp\/v2\/pages"}],"about":[{"href":"https:\/\/benjamindurakovic.com\/index.php?rest_route=\/wp\/v2\/types\/page"}],"author":[{"embeddable":true,"href":"https:\/\/benjamindurakovic.com\/index.php?rest_route=\/wp\/v2\/users\/1"}],"replies":[{"embeddable":true,"href":"https:\/\/benjamindurakovic.com\/index.php?rest_route=%2Fwp%2Fv2%2Fcomments&post=55"}],"version-history":[{"count":19,"href":"https:\/\/benjamindurakovic.com\/index.php?rest_route=\/wp\/v2\/pages\/55\/revisions"}],"predecessor-version":[{"id":315,"href":"https:\/\/benjamindurakovic.com\/index.php?rest_route=\/wp\/v2\/pages\/55\/revisions\/315"}],"wp:attachment":[{"href":"https:\/\/benjamindurakovic.com\/index.php?rest_route=%2Fwp%2Fv2%2Fmedia&parent=55"}],"curies":[{"name":"wp","href":"https:\/\/api.w.org\/{rel}","templated":true}]}}